{"id":367,"date":"2014-07-21T15:59:54","date_gmt":"2014-07-21T15:59:54","guid":{"rendered":"http:\/\/192.168.1.104\/restaurant-op\/?page_id=367"},"modified":"2025-09-19T11:10:17","modified_gmt":"2025-09-19T09:10:17","slug":"frontpage","status":"publish","type":"page","link":"https:\/\/www.studiodentisticomorelli.it\/","title":{"rendered":"Frontpage"},"content":{"rendered":"<div id='full_slider_1'  class='avia-fullwidth-slider main_color avia-shadow   avia-builder-el-0  el_before_av_section  avia-builder-el-first   container_wrap sidebar_right'  ><div  class='avia-slideshow av-k1l4v-37886b3b44ad0ba187bed1cb93d30b58 avia-slideshow-featured av_slideshow_full avia-slide-slider av-slideshow-ui av-control-default av-slideshow-manual av-loop-once av-loop-manual-endless av-default-height-applied   avia-slideshow-1' data-slideshow-options=\"{&quot;animation&quot;:&quot;slide&quot;,&quot;autoplay&quot;:false,&quot;loop_autoplay&quot;:&quot;once&quot;,&quot;interval&quot;:5,&quot;loop_manual&quot;:&quot;manual-endless&quot;,&quot;autoplay_stopper&quot;:false,&quot;noNavigation&quot;:false,&quot;bg_slider&quot;:false,&quot;keep_padding&quot;:false,&quot;hoverpause&quot;:false,&quot;show_slide_delay&quot;:0}\"  itemprop=\"image\" itemscope=\"itemscope\" itemtype=\"https:\/\/schema.org\/ImageObject\" ><ul class='avia-slideshow-inner ' style='padding-bottom: 28.666666666667%;'><li  class='avia-slideshow-slide av-k1l4v-37886b3b44ad0ba187bed1cb93d30b58__0  slide-1 slide-odd'><div data-rel='slideshow-1' class='avia-slide-wrap '   ><img decoding=\"async\" fetchpriority=\"high\" class=\"wp-image-405 avia-img-lazy-loading-not-405\"  src=\"https:\/\/www.studiodentisticomorelli.it\/wp-content\/uploads\/2014\/07\/studio-dentistio-marco-morelli-morciano-1_res-1500x430.jpg\" width=\"1500\" height=\"430\" title='studio-dentistio-marco-morelli-morciano-1_res' alt=''  itemprop=\"thumbnailUrl\"   \/><\/div><\/li><li  class='avia-slideshow-slide av-k1l4v-37886b3b44ad0ba187bed1cb93d30b58__1  slide-2 slide-even'><div data-rel='slideshow-1' class='avia-slide-wrap '   ><img decoding=\"async\" fetchpriority=\"high\" class=\"wp-image-406 avia-img-lazy-loading-not-406\"  src=\"https:\/\/www.studiodentisticomorelli.it\/wp-content\/uploads\/2014\/07\/studio-dentistio-marco-morelli-morciano-2_res-1500x430.jpg\" width=\"1500\" height=\"430\" title='studio-dentistio-marco-morelli-morciano-2_res' alt=''  itemprop=\"thumbnailUrl\"   \/><\/div><\/li><\/ul><div class='avia-slideshow-arrows avia-slideshow-controls' ><a href='#prev' class='prev-slide  avia-svg-icon avia-font-svg_entypo-fontello' data-av_svg_icon='left-open-big' data-av_iconset='svg_entypo-fontello' tabindex='-1' title=\"Prec\"><svg version=\"1.1\" xmlns=\"http:\/\/www.w3.org\/2000\/svg\" width=\"15\" height=\"32\" viewBox=\"0 0 15 32\" preserveAspectRatio=\"xMidYMid meet\" aria-labelledby='av-svg-title-1' aria-describedby='av-svg-desc-1' role=\"graphics-symbol\" aria-hidden=\"true\">\n<title id='av-svg-title-1'>Prec<\/title>\n<desc id='av-svg-desc-1'>Prec<\/desc>\n<path d=\"M14.464 27.84q0.832 0.832 0 1.536-0.832 0.832-1.536 0l-12.544-12.608q-0.768-0.768 0-1.6l12.544-12.608q0.704-0.832 1.536 0 0.832 0.704 0 1.536l-11.456 11.904z\"><\/path>\n<\/svg><span class='avia_hidden_link_text'>Prec<\/span><\/a><a href='#next' class='next-slide  avia-svg-icon avia-font-svg_entypo-fontello' data-av_svg_icon='right-open-big' data-av_iconset='svg_entypo-fontello' tabindex='-1' title=\"Succ\"><svg version=\"1.1\" xmlns=\"http:\/\/www.w3.org\/2000\/svg\" width=\"15\" height=\"32\" viewBox=\"0 0 15 32\" preserveAspectRatio=\"xMidYMid meet\" aria-labelledby='av-svg-title-2' aria-describedby='av-svg-desc-2' role=\"graphics-symbol\" aria-hidden=\"true\">\n<title id='av-svg-title-2'>Succ<\/title>\n<desc id='av-svg-desc-2'>Succ<\/desc>\n<path d=\"M0.416 27.84l11.456-11.84-11.456-11.904q-0.832-0.832 0-1.536 0.832-0.832 1.536 0l12.544 12.608q0.768 0.832 0 1.6l-12.544 12.608q-0.704 0.832-1.536 0-0.832-0.704 0-1.536z\"><\/path>\n<\/svg><span class='avia_hidden_link_text'>Succ<\/span><\/a><\/div><div class='avia-slideshow-dots avia-slideshow-controls'><a href='#1' class='goto-slide active' >1<\/a><a href='#2' class='goto-slide ' >2<\/a><\/div><\/div><\/div>\n\n<style type=\"text\/css\" data-created_by=\"avia_inline_auto\" id=\"style-css-av-icuen-2f769cb165d7934da88e7dbdad9f0b1d\">\n.avia-section.av-icuen-2f769cb165d7934da88e7dbdad9f0b1d{\nbackground-color:#b6e0ed;\nbackground-image:unset;\n}\n<\/style>\n<div id='chi-siamo'  class='avia-section av-icuen-2f769cb165d7934da88e7dbdad9f0b1d main_color avia-section-large avia-no-border-styling  avia-builder-el-1  el_after_av_slideshow_full  el_before_av_layout_row  avia-bg-style-parallax container_wrap sidebar_right'  ><div class='container av-section-cont-open' ><div class='template-page content  av-content-small alpha units'><div class='post-entry post-entry-type-page post-entry-367'><div class='entry-content-wrapper clearfix'>\n\n<style type=\"text\/css\" data-created_by=\"avia_inline_auto\" id=\"style-css-av-4yl31j-51df258cb23ec0f09d82b7aa9f0e4861\">\n#top .av-special-heading.av-4yl31j-51df258cb23ec0f09d82b7aa9f0e4861{\npadding-bottom:0;\ncolor:#ffffff;\nfont-size:60px;\n}\nbody .av-special-heading.av-4yl31j-51df258cb23ec0f09d82b7aa9f0e4861 .av-special-heading-tag .heading-char{\nfont-size:25px;\n}\n#top #wrap_all .av-special-heading.av-4yl31j-51df258cb23ec0f09d82b7aa9f0e4861 .av-special-heading-tag{\nfont-size:60px;\n}\n.av-special-heading.av-4yl31j-51df258cb23ec0f09d82b7aa9f0e4861 .special-heading-inner-border{\nborder-color:#ffffff;\n}\n.av-special-heading.av-4yl31j-51df258cb23ec0f09d82b7aa9f0e4861 .av-subheading{\nfont-size:15px;\n}\n\n@media only screen and (min-width: 480px) and (max-width: 767px){ \n#top #wrap_all .av-special-heading.av-4yl31j-51df258cb23ec0f09d82b7aa9f0e4861 .av-special-heading-tag{\nfont-size:0.8em;\n}\n}\n\n@media only screen and (max-width: 479px){ \n#top #wrap_all .av-special-heading.av-4yl31j-51df258cb23ec0f09d82b7aa9f0e4861 .av-special-heading-tag{\nfont-size:0.8em;\n}\n}\n<\/style>\n<div  class='av-special-heading av-4yl31j-51df258cb23ec0f09d82b7aa9f0e4861 av-special-heading-h2 custom-color-heading blockquote modern-quote modern-centered  avia-builder-el-2  avia-builder-el-no-sibling  av-inherit-size'><h2 class='av-special-heading-tag '  itemprop=\"headline\"  >Chi siamo<\/h2><div class=\"special-heading-border\"><div class=\"special-heading-inner-border\"><\/div><\/div><\/div>\n\n<\/div><\/div><\/div><!-- close content main div --><\/div><\/div><div id='av-layout-grid-1'  class='av-layout-grid-container av-4oejtr-8f21462c3d692221ef8ede194b55f3f6 entry-content-wrapper main_color av-flex-cells  avia-builder-el-3  el_after_av_section  el_before_av_section  grid-row-not-first  container_wrap sidebar_right'  >\n\n<style type=\"text\/css\" data-created_by=\"avia_inline_auto\" id=\"style-css-av-4k5a2v-07cb437a1e61f9407688e906de1745ce\">\n.flex_cell.av-4k5a2v-07cb437a1e61f9407688e906de1745ce{\nvertical-align:top;\nheight:415px;\nmin-height:415px;\n}\n.responsive #top #wrap_all .flex_cell.av-4k5a2v-07cb437a1e61f9407688e906de1745ce{\npadding:30px 30px 30px 30px !important;\n}\n<\/style>\n<div class='flex_cell av-4k5a2v-07cb437a1e61f9407688e906de1745ce av-gridrow-cell av_one_half no_margin  avia-builder-el-4  el_before_av_cell_one_half  avia-builder-el-first  content-align-top'  ><div class='flex_cell_inner'><div class='flex_column_table av-4de2of-974ad707d3a72b95aec89999652b48f8 sc-av_one_full av-equal-height-column-flextable'>\n<style type=\"text\/css\" data-created_by=\"avia_inline_auto\" id=\"style-css-av-4de2of-974ad707d3a72b95aec89999652b48f8\">\n.flex_column.av-4de2of-974ad707d3a72b95aec89999652b48f8{\nborder-radius:0px 0px 0px 0px;\npadding:0px 0px 0px 0px;\n}\n<\/style>\n<div  class='flex_column av-4de2of-974ad707d3a72b95aec89999652b48f8 av_one_full  avia-builder-el-5  avia-builder-el-no-sibling  first no_margin flex_column_table_cell av-equal-height-column av-align-top  '     ><section  class='av_textblock_section av-48ctzj-a077d80d36090f911a8f2282a4831678 '   itemscope=\"itemscope\" itemtype=\"https:\/\/schema.org\/CreativeWork\" ><div class='avia_textblock'  itemprop=\"text\" ><p><img loading=\"lazy\" decoding=\"async\" class=\"alignleft wp-image-439 size-square\" src=\"https:\/\/www.studiodentisticomorelli.it\/wp-content\/uploads\/2014\/07\/dente-180x180.png\" alt=\"dente\" width=\"180\" height=\"180\" srcset=\"https:\/\/www.studiodentisticomorelli.it\/wp-content\/uploads\/2014\/07\/dente-180x180.png 180w, https:\/\/www.studiodentisticomorelli.it\/wp-content\/uploads\/2014\/07\/dente-80x80.png 80w, https:\/\/www.studiodentisticomorelli.it\/wp-content\/uploads\/2014\/07\/dente-36x36.png 36w, https:\/\/www.studiodentisticomorelli.it\/wp-content\/uploads\/2014\/07\/dente-120x120.png 120w\" sizes=\"auto, (max-width: 180px) 100vw, 180px\" \/>Lo studio dentistico del dottor Marco Morelli \u00e8, a Morciano, un punto di riferimento per coloro che desiderano ricevere cure di qualit\u00e0 eccellente.<br \/>\nCi occupiamo di tutte le branche dell&#8217;odontoiatria; dalla chirurgia alla protesi, dall&#8217;ortodonzia dell&#8217;adulto a quella del bambino, con la massima dedizione e professionalit\u00e0.<br \/>\nIl nostro impegno \u00e8 fornire sempre la soluzione migliore che si adatti al meglio alle Vostre esigenze.<br \/>\nContattaci per avere informazioni.<\/p>\n<\/div><\/section><\/div><\/div><!--close column table wrapper. Autoclose: 1 -->\n<\/div><\/div>\n<style type=\"text\/css\" data-created_by=\"avia_inline_auto\" id=\"style-css-av-40gqd3-2dc6772e19c081eb1f4555e58befd94f\">\n.flex_cell.av-40gqd3-2dc6772e19c081eb1f4555e58befd94f{\nvertical-align:top;\nheight:415px;\nmin-height:415px;\nbackground:url(https:\/\/www.studiodentisticomorelli.it\/wp-content\/uploads\/2014\/07\/il-mio-amico-dentista.jpg) 50% 50% no-repeat scroll ;\n}\n.responsive #top #wrap_all .flex_cell.av-40gqd3-2dc6772e19c081eb1f4555e58befd94f{\npadding:0px 0px 0px 0px !important;\n}\n<\/style>\n<div class='flex_cell av-40gqd3-2dc6772e19c081eb1f4555e58befd94f av-gridrow-cell av_one_half no_margin  avia-builder-el-7  el_after_av_cell_one_half  avia-builder-el-last  content-align-top av-zero-padding'  ><div class='flex_cell_inner'><\/div><\/div>\n<\/div>\n\n<style type=\"text\/css\" data-created_by=\"avia_inline_auto\" id=\"style-css-av-3waydz-372b153d76e7f6439c9f5c9425e9ccca\">\n.avia-section.av-3waydz-372b153d76e7f6439c9f5c9425e9ccca .av-parallax .av-parallax-inner{\nbackground-repeat:no-repeat;\nbackground-image:url(https:\/\/www.studiodentisticomorelli.it\/wp-content\/uploads\/2014\/07\/img.jpg);\nbackground-position:50% 50%;\nbackground-attachment:scroll;\n}\n<\/style>\n<div id='richiedi-informazioni'  class='avia-section av-3waydz-372b153d76e7f6439c9f5c9425e9ccca main_color avia-section-large avia-no-border-styling  avia-builder-el-8  el_after_av_layout_row  el_before_av_layout_row  avia-full-stretch av-parallax-section avia-bg-style-parallax container_wrap sidebar_right'  data-section-bg-repeat='stretch'><div class='av-parallax' data-avia-parallax-ratio='0.3' ><div class='av-parallax-inner main_color avia-full-stretch'><\/div><\/div><div class='container av-section-cont-open' ><div class='template-page content  av-content-small alpha units'><div class='post-entry post-entry-type-page post-entry-367'><div class='entry-content-wrapper clearfix'>\n\n<style type=\"text\/css\" data-created_by=\"avia_inline_auto\" id=\"style-css-av-3pzv8f-9a16ef3416e508d4681ed42c0f4327db\">\n#top .av-special-heading.av-3pzv8f-9a16ef3416e508d4681ed42c0f4327db{\npadding-bottom:0;\ncolor:#ffffff;\nfont-size:60px;\n}\nbody .av-special-heading.av-3pzv8f-9a16ef3416e508d4681ed42c0f4327db .av-special-heading-tag .heading-char{\nfont-size:25px;\n}\n#top #wrap_all .av-special-heading.av-3pzv8f-9a16ef3416e508d4681ed42c0f4327db .av-special-heading-tag{\nfont-size:60px;\n}\n.av-special-heading.av-3pzv8f-9a16ef3416e508d4681ed42c0f4327db .special-heading-inner-border{\nborder-color:#ffffff;\n}\n.av-special-heading.av-3pzv8f-9a16ef3416e508d4681ed42c0f4327db .av-subheading{\nfont-size:15px;\n}\n\n@media only screen and (min-width: 480px) and (max-width: 767px){ \n#top #wrap_all .av-special-heading.av-3pzv8f-9a16ef3416e508d4681ed42c0f4327db .av-special-heading-tag{\nfont-size:0.8em;\n}\n}\n\n@media only screen and (max-width: 479px){ \n#top #wrap_all .av-special-heading.av-3pzv8f-9a16ef3416e508d4681ed42c0f4327db .av-special-heading-tag{\nfont-size:0.8em;\n}\n}\n<\/style>\n<div  class='av-special-heading av-3pzv8f-9a16ef3416e508d4681ed42c0f4327db av-special-heading-h2 custom-color-heading blockquote modern-quote modern-centered  avia-builder-el-9  avia-builder-el-no-sibling  av-inherit-size'><h2 class='av-special-heading-tag '  itemprop=\"headline\"  >Richiedi Informazioni<\/h2><div class=\"special-heading-border\"><div class=\"special-heading-inner-border\"><\/div><\/div><\/div>\n\n<\/div><\/div><\/div><!-- close content main div --><\/div><\/div><div id='av-layout-grid-2'  class='av-layout-grid-container av-3j1ybj-e469ad7e7374ac839030df2265359d35 entry-content-wrapper main_color av-flex-cells  avia-builder-el-10  el_after_av_section  el_before_av_section  grid-row-not-first  container_wrap sidebar_right'  >\n\n<style type=\"text\/css\" data-created_by=\"avia_inline_auto\" id=\"style-css-av-bz4cf-5bf94bec3a795f188fc3825fd7961426\">\n.flex_cell.av-bz4cf-5bf94bec3a795f188fc3825fd7961426{\nvertical-align:top;\nheight:415px;\nmin-height:415px;\n}\n.responsive #top #wrap_all .flex_cell.av-bz4cf-5bf94bec3a795f188fc3825fd7961426{\npadding:30px 30px 30px 30px !important;\n}\n<\/style>\n<div class='flex_cell av-bz4cf-5bf94bec3a795f188fc3825fd7961426 av-gridrow-cell av_one_half no_margin  avia-builder-el-11  el_before_av_cell_one_half  avia-builder-el-first  content-align-top'  ><div class='flex_cell_inner'><section  class='av_textblock_section av-35skd3-0bd4c342956617e9f66fe892d72af0e0 '   itemscope=\"itemscope\" itemtype=\"https:\/\/schema.org\/CreativeWork\" ><div class='avia_textblock'  itemprop=\"text\" ><p><img loading=\"lazy\" decoding=\"async\" class=\"alignleft wp-image-403\" src=\"https:\/\/www.studiodentisticomorelli.it\/wp-content\/uploads\/2014\/07\/dentista-omeopata-milano-abbatista-dente2.jpg\" alt=\"dentista-omeopata-milano-abbatista-dente2\" width=\"180\" height=\"127\" \/>Per contattare lo Studio Dentistico Morelli potete chiamare il numero 333. In alternativa potete inviare una e-mail all&#8217;indirizzo <a href=\"mailto:info@studiodentisticomorelli.it\">info@studiodentisticomorelli.it<\/a> o compilare in ogni suo campo il form che trovate in questa sezione per fissare un appuntamento.<\/p>\n<p>Per richiedere un preventivo gratuito, potete utilizzare sempre il form di questa sezione.<\/p>\n<p>Se cercate uno studio dentistico a\u00a0Morciano, in provincia di Rimini, in cui trovare dentisti competenti e altamente qualificate, contattate lo Studio Dentistico Morelli e non rimarrete delusi dal servizio offerto.<\/p>\n<\/div><\/section>\n<\/div><\/div>\n<style type=\"text\/css\" data-created_by=\"avia_inline_auto\" id=\"style-css-av-33kq4v-48aa9f08012adc44872f310084589cf7\">\n.flex_cell.av-33kq4v-48aa9f08012adc44872f310084589cf7{\nvertical-align:top;\nheight:415px;\nmin-height:415px;\n}\n.responsive #top #wrap_all .flex_cell.av-33kq4v-48aa9f08012adc44872f310084589cf7{\npadding:30px 30px 30px 30px !important;\n}\n<\/style>\n<div class='flex_cell av-33kq4v-48aa9f08012adc44872f310084589cf7 av-gridrow-cell av_one_half no_margin  avia-builder-el-13  el_after_av_cell_one_half  avia-builder-el-last  content-align-top'  ><div class='flex_cell_inner'><div class='flex_column_table av-2z4j5r-a4b7a15f203dbeb8baf5364314612437 sc-av_one_full av-equal-height-column-flextable'>\n<style type=\"text\/css\" data-created_by=\"avia_inline_auto\" id=\"style-css-av-2z4j5r-a4b7a15f203dbeb8baf5364314612437\">\n.flex_column.av-2z4j5r-a4b7a15f203dbeb8baf5364314612437{\nborder-radius:0px 0px 0px 0px;\npadding:0px 0px 0px 0px;\n}\n<\/style>\n<div  class='flex_column av-2z4j5r-a4b7a15f203dbeb8baf5364314612437 av_one_full  avia-builder-el-14  avia-builder-el-no-sibling  first no_margin flex_column_table_cell av-equal-height-column av-align-top  '     ><form action=\"https:\/\/www.studiodentisticomorelli.it\/\" method=\"post\" data-fields-with-error=\"Sono stati riscontrati errori nei seguenti campi:\" class=\"avia_ajax_form av-form-labels-hidden   avia-builder-el-15  avia-builder-el-no-sibling   \" data-avia-form-id=\"1\" data-avia-redirect=''  aria-label='Modulo di contatto' ><h3 class=''>Compila il modulo sottostante per contattarci<\/h3><fieldset><p class='  first_form  form_element form_element_half' id='element_avia_1_1'><label for=\"avia_1_1\">Nome <abbr class=\"required\" title=\"richiesto\">*<\/abbr><\/label> <input name=\"avia_1_1\" class=\"text_input is_empty\" type=\"text\" id=\"avia_1_1\" value=\"\"  placeholder='Nome*'\/><\/p><p class='  form_element form_element_half' id='element_avia_2_1'><label for=\"avia_2_1\">Cognome <abbr class=\"required\" title=\"richiesto\">*<\/abbr><\/label> <input name=\"avia_2_1\" class=\"text_input is_empty\" type=\"text\" id=\"avia_2_1\" value=\"\"  placeholder='Cognome*'\/><\/p><p class='  first_form  form_element form_element_half' id='element_avia_3_1'><label for=\"avia_3_1\">Telefono <abbr class=\"required\" title=\"richiesto\">*<\/abbr><\/label> <input name=\"avia_3_1\" class=\"text_input is_empty\" type=\"text\" id=\"avia_3_1\" value=\"\"  placeholder='Telefono*'\/><\/p><p class='  form_element form_element_half' id='element_avia_4_1'><label for=\"avia_4_1\">E-Mail <abbr class=\"required\" title=\"richiesto\">*<\/abbr><\/label> <input name=\"avia_4_1\" class=\"text_input is_email\" type=\"text\" id=\"avia_4_1\" value=\"\"  placeholder='E-Mail*'\/><\/p><p class='  first_form  form_element form_fullwidth' id='element_avia_5_1'><label for=\"avia_5_1\" class=\"textare_label hidden textare_label_avia_5_1\">Messaggio <abbr class=\"required\" title=\"richiesto\">*<\/abbr><\/label><textarea  placeholder='Messaggio*' name=\"avia_5_1\" class=\"text_area is_empty\" cols=\"40\" rows=\"7\" id=\"avia_5_1\" ><\/textarea><\/p><p class='  first_form  form_element form_fullwidth' id='element_avia_6_1'><input  name=\"avia_6_1\" class=\"input_checkbox is_empty\" type=\"checkbox\" id=\"avia_6_1\" value=\"true\"\/><label class=\"input_checkbox_label\" for=\"avia_6_1\">Autorizzo il trattamento dei miei dati personali ai sensi del Dlgs 196 del 30 giugno 2003 <abbr class=\"required\" title=\"richiesto\">*<\/abbr><\/label><\/p><p class=\"hidden\"><input type=\"text\" name=\"avia_7_1\" class=\"hidden \" id=\"avia_7_1\" value=\"\" \/><\/p><p class='   form_element form_fullwidth' id='element_avia_8_1'><span class='value_verifier_label'>3 + 4 = ?<\/span><input name=\"avia_8_1_verifier\" type=\"hidden\" id=\"avia_8_1_verifier\" value=\"532871744\"\/><label for=\"avia_8_1\">Dimostra di essere umano risolvendo l'equazione <abbr class=\"required\" title=\"richiesto\">*<\/abbr><\/label><input name=\"avia_8_1\" class=\"text_input captcha\" type=\"text\" id=\"avia_8_1\" value=\"\"\/><\/p><p class=\"form_element \"><input type=\"hidden\" value=\"1\" name=\"avia_generated_form1\" \/><input type=\"submit\" value=\"Invia\" class=\"button\"  data-sending-label=\"Invio\"\/><\/p><\/fieldset><\/form><div id=\"ajaxresponse_1\" class=\"ajaxresponse ajaxresponse_1 hidden\"><\/div><\/div><\/div><!--close column table wrapper. Autoclose: 1 -->\n<\/div><\/div><\/div>\n<style type=\"text\/css\" data-created_by=\"avia_inline_auto\" id=\"style-css-av-1ie1hb-4d05acc3ac9fb5d892991bee6a2f2ab2\">\n.avia-section.av-1ie1hb-4d05acc3ac9fb5d892991bee6a2f2ab2{\nbackground-color:#80ceeb;\nbackground-image:unset;\n}\n<\/style>\n<div id='dove-siamo'  class='avia-section av-1ie1hb-4d05acc3ac9fb5d892991bee6a2f2ab2 main_color avia-section-large avia-no-border-styling  avia-builder-el-16  el_after_av_layout_row  el_before_av_layout_row  avia-bg-style-parallax container_wrap sidebar_right'  ><div class='container av-section-cont-open' ><div class='template-page content  av-content-small alpha units'><div class='post-entry post-entry-type-page post-entry-367'><div class='entry-content-wrapper clearfix'>\n\n<style type=\"text\/css\" data-created_by=\"avia_inline_auto\" id=\"style-css-av-1gymef-5896ff5f6e5d783ca0a3185e22e64214\">\n#top .av-special-heading.av-1gymef-5896ff5f6e5d783ca0a3185e22e64214{\npadding-bottom:0;\ncolor:#ffffff;\nfont-size:60px;\n}\nbody .av-special-heading.av-1gymef-5896ff5f6e5d783ca0a3185e22e64214 .av-special-heading-tag .heading-char{\nfont-size:25px;\n}\n#top #wrap_all .av-special-heading.av-1gymef-5896ff5f6e5d783ca0a3185e22e64214 .av-special-heading-tag{\nfont-size:60px;\n}\n.av-special-heading.av-1gymef-5896ff5f6e5d783ca0a3185e22e64214 .special-heading-inner-border{\nborder-color:#ffffff;\n}\n.av-special-heading.av-1gymef-5896ff5f6e5d783ca0a3185e22e64214 .av-subheading{\nfont-size:15px;\n}\n\n@media only screen and (min-width: 480px) and (max-width: 767px){ \n#top #wrap_all .av-special-heading.av-1gymef-5896ff5f6e5d783ca0a3185e22e64214 .av-special-heading-tag{\nfont-size:0.8em;\n}\n}\n\n@media only screen and (max-width: 479px){ \n#top #wrap_all .av-special-heading.av-1gymef-5896ff5f6e5d783ca0a3185e22e64214 .av-special-heading-tag{\nfont-size:0.8em;\n}\n}\n<\/style>\n<div  class='av-special-heading av-1gymef-5896ff5f6e5d783ca0a3185e22e64214 av-special-heading-h2 custom-color-heading blockquote modern-quote modern-centered  avia-builder-el-17  avia-builder-el-no-sibling  av-inherit-size'><h2 class='av-special-heading-tag '  itemprop=\"headline\"  >Dove siamo<\/h2><div class=\"special-heading-border\"><div class=\"special-heading-inner-border\"><\/div><\/div><\/div>\n<\/p>\n<\/div><\/div><\/div><!-- close content main div --><\/div><\/div><div id='av-layout-grid-3'  class='av-layout-grid-container av-1am5v3-05cc230881148fb4e4d208be07366d57 entry-content-wrapper main_color av-flex-cells  avia-builder-el-18  el_after_av_section  avia-builder-el-last  grid-row-not-first  container_wrap sidebar_right'  >\n\n<style type=\"text\/css\" data-created_by=\"avia_inline_auto\" id=\"style-css-av-11rd0f-f85a2021485b1a75412d4d59020d2ef5\">\n.flex_cell.av-11rd0f-f85a2021485b1a75412d4d59020d2ef5{\nvertical-align:top;\nheight:415px;\nmin-height:415px;\n}\n.responsive #top #wrap_all .flex_cell.av-11rd0f-f85a2021485b1a75412d4d59020d2ef5{\npadding:30px 30px 30px 30px !important;\n}\n<\/style>\n<div class='flex_cell av-11rd0f-f85a2021485b1a75412d4d59020d2ef5 av-gridrow-cell av_one_half no_margin  avia-builder-el-19  el_before_av_cell_one_half  avia-builder-el-first  content-align-top'  ><div class='flex_cell_inner'>\n<style type=\"text\/css\" data-created_by=\"avia_inline_auto\" id=\"style-css-av-vtfmf-b52d2e52ff34b944a62d1249fcb6a02c\">\n.flex_column.av-vtfmf-b52d2e52ff34b944a62d1249fcb6a02c{\nborder-radius:0px 0px 0px 0px;\npadding:0px 0px 0px 0px;\n}\n<\/style>\n<div  class='flex_column av-vtfmf-b52d2e52ff34b944a62d1249fcb6a02c av_one_full  avia-builder-el-20  avia-builder-el-no-sibling  first flex_column_div av-zero-column-padding  '     ><section  class='av_textblock_section av-oxon3-bb55a339e78cf987de7ed01e61fbab7f '   itemscope=\"itemscope\" itemtype=\"https:\/\/schema.org\/CreativeWork\" ><div class='avia_textblock'  itemprop=\"text\" ><p><strong>Studio Dentistico Morelli<\/strong><img loading=\"lazy\" decoding=\"async\" class=\"alignright size-full wp-image-448\" src=\"https:\/\/www.studiodentisticomorelli.it\/wp-content\/uploads\/2014\/07\/chiamaci.png\" alt=\"chiamaci\" width=\"300\" height=\"132\" \/><br \/>\nVia Spallicci, 33<br \/>\n47833 Morciano di Romagna (RN)<\/p>\n<p><strong>Contattaci: <\/strong>333 3569510<\/p>\n<p><strong>Orari:<\/strong><br \/>\nMartedi dalle 8:30 alle 12:00<br \/>\nMercoledi dalle 14:00 alle 19:00<br \/>\nSabato dalle 8:30 alle 12:00<\/p>\n<p>Se cercate un odontoiatra a Morciano e provincia, in cui trovare professionalit\u00e0 ed esperienza, Marco Morelli Odontoiatra \u00e8 ci\u00f2 che fa per voi.<\/p>\n<\/div><\/section><\/div>\n<\/div><\/div>\n<style type=\"text\/css\" data-created_by=\"avia_inline_auto\" id=\"style-css-av-k6n8f-1433b8aea747eb20c28af675d33a8ee3\">\n.flex_cell.av-k6n8f-1433b8aea747eb20c28af675d33a8ee3{\nvertical-align:top;\nheight:415px;\nmin-height:415px;\n}\n.responsive #top #wrap_all .flex_cell.av-k6n8f-1433b8aea747eb20c28af675d33a8ee3{\npadding:0px 0px 0px 0px !important;\n}\n<\/style>\n<div class='flex_cell av-k6n8f-1433b8aea747eb20c28af675d33a8ee3 av-gridrow-cell av_one_half no_margin  avia-builder-el-22  el_after_av_cell_one_half  avia-builder-el-last  content-align-top av-zero-padding'  ><div class='flex_cell_inner'>\n<\/div><\/div><\/div>\n","protected":false},"excerpt":{"rendered":"","protected":false},"author":1,"featured_media":0,"parent":0,"menu_order":0,"comment_status":"open","ping_status":"open","template":"","meta":{"footnotes":""},"class_list":["post-367","page","type-page","status-publish","hentry"],"_links":{"self":[{"href":"https:\/\/www.studiodentisticomorelli.it\/index.php?rest_route=\/wp\/v2\/pages\/367","targetHints":{"allow":["GET"]}}],"collection":[{"href":"https:\/\/www.studiodentisticomorelli.it\/index.php?rest_route=\/wp\/v2\/pages"}],"about":[{"href":"https:\/\/www.studiodentisticomorelli.it\/index.php?rest_route=\/wp\/v2\/types\/page"}],"author":[{"embeddable":true,"href":"https:\/\/www.studiodentisticomorelli.it\/index.php?rest_route=\/wp\/v2\/users\/1"}],"replies":[{"embeddable":true,"href":"https:\/\/www.studiodentisticomorelli.it\/index.php?rest_route=%2Fwp%2Fv2%2Fcomments&post=367"}],"version-history":[{"count":7,"href":"https:\/\/www.studiodentisticomorelli.it\/index.php?rest_route=\/wp\/v2\/pages\/367\/revisions"}],"predecessor-version":[{"id":456,"href":"https:\/\/www.studiodentisticomorelli.it\/index.php?rest_route=\/wp\/v2\/pages\/367\/revisions\/456"}],"wp:attachment":[{"href":"https:\/\/www.studiodentisticomorelli.it\/index.php?rest_route=%2Fwp%2Fv2%2Fmedia&parent=367"}],"curies":[{"name":"wp","href":"https:\/\/api.w.org\/{rel}","templated":true}]}}